{"id":266,"date":"2018-04-03T17:41:23","date_gmt":"2018-04-03T16:41:23","guid":{"rendered":"http:\/\/quintadopombal.net\/?page_id=266"},"modified":"2024-02-11T18:24:29","modified_gmt":"2024-02-11T18:24:29","slug":"shiatsu","status":"publish","type":"page","link":"http:\/\/quintadopombal.net\/?page_id=266","title":{"rendered":"Shiatsu"},"content":{"rendered":"<div class=\"\">\n<div class=\"\"><em><span class=\"\"><strong>Shiatsu is a traditional Japanese bodywork and massage therapy<\/strong> that uses gentle hand and finger pressure along the body\u2019s energy pathways called meridians, stretches and joint rotation.\u00a0<\/span><\/em><\/div>\n<div><\/div>\n<div class=\"\"><strong><span class=\"\">It supports and strengthens the body\u2019s natural ability to heal and balance itself. Shiatsu works on the whole person &#8211; not just with the physical body, but also with the psychological and emotional aspects of being. It is extremely relaxing and can help with various problems.<\/span><\/strong><\/div>\n<div class=\"\"><span class=\"\"><strong>\u00a0<\/strong><br \/>\n<\/span><\/div>\n<div class=\"\"><span class=\"\">According to oriental medicine, our physical and emotional problems have their origin in imbalances in the meridians, where life energy circulates. Shiatsu harmonises this energetic flow, relaxes the body and calms the nervous system. In this balanced state, internal self healing resources can function effectively to restore body and mind. Shiatsu is not to work on localised muscles and joints, but on the whole body, the overall energy system of the person. This is a main difference between Shiatsu and other physical therapies.<\/span><\/div>\n<div class=\"\"><span class=\"\">\u00a0<\/span><\/div>\n<div class=\"\"><span class=\"\">During the treatment the patient feels completely relaxed and at the same energised. The receiver remains clothed during the treatment and wears comfortable clothing (t-Shirt\/sweatshirt, trousers\/leggings and cotton or wool socks). There is no oil used on the skin.\u00a0<\/span><\/div>\n<div class=\"\"><span class=\"\"> <!--more--><br \/>\n<\/span><\/div>\n<div class=\"\"><span class=\"\">Shiatsu can help with many problems like back and neck-shoulder pain, tension, fatigue, and works also complementary during chemotherapy and radiation. It is excellent for stress induced problems.<\/span><\/div>\n<div class=\"\"><span class=\"\">\u00a0<\/span><\/div>\n<div class=\"\"><span class=\"\">If you have a special health problem it might be necessary to book several sessions (5-10). In general it\u2019s a good idea to have regular shiatsu treatments (every two weeks, weekly or once per month) to keep well and ward-off ill-health. But you have not to be unwell to have a treatment.\u00a0 Many people receive Shiatsu purely for relaxation and enjoyment. Regular treatments may help to keep the body well and in harmony.<\/span><\/div>\n<div class=\"\"><span class=\"\">\u00a0<\/span><\/div>\n<div class=\"\"><span class=\"\">At the end of a Shiatsu treatment you probably will feel bliss and harmony.<\/span><\/div>\n<div class=\"\"><\/div>\n<div class=\"\"><span style=\"color: #0000ff;\">Corinna Krabiell Melinkat<\/span> is a certified Shiatsu practitioner from the European Shiatsu School and teaches the Foundation course of Shiatsu. This course is very enjoyable as we spend most of the time working hands-on and therefore everyone receives Shiatsu from a different participant.<\/div>\n<div><\/div>\n<div class=\"\">\n<div class=\"\"><b class=\"\">You can learn to give shiatsu in the foundation course and will receive at the end a certificate from the European Shiatsu School Spain.<\/b><\/div>\n<div><\/div>\n<div class=\"\">\n<div><\/div>\n<div><strong>Corinna Krabiell Melinkat<\/strong><\/div>\n<div>Shiatsu therapist (certified 2000 from European Shiatsu School) \/ classical zen shiatsu<\/div>\n<div>zenquintadopombal@gmail.com<\/div>\n<p><b class=\"\">\u00a0<\/b><\/div>\n<div><\/div>\n<\/div>\n<div><\/div>\n<div><span style=\"color: #0000ff;\">Linne Melinkat <\/span>is a certified Shiatsu practitioner from the European Shiatsu Institute (ESI) Rome<\/div>\n<div class=\"\"><\/div>\n<p><em><span class=\"\"><strong>YOU CAN BOOK individual <span style=\"color: #0000ff;\">\u00a0<span style=\"text-decoration: underline;\">SHIATSU TREATMENTS<\/span><\/span> with her <\/strong><\/span><\/em><em><span class=\"\">(Quantum Shiatsu)<\/span><\/em><\/p>\n<\/div>\n<div class=\"\"><strong><em><span class=\"\">PLEASE CONTACT: linneshiatsu@gmail.com \u00a0PHONE:\u00a0960 293 601<\/span><\/em><\/strong><\/div>\n<div><\/div>\n<div><\/div>\n<div><\/div>\n<div>Please wear comfortable clothing during treatment.<\/div>\n<div><\/div>\n<div>\n<p><b>Portuguese:<\/b><\/p>\n<p><b>S<\/b>hiatsu \u00e9 uma terapia tradicional japonesa.<span class=\"Apple-converted-space\">\u00a0 <\/span>Segundo a tradi\u00e7\u00e3o oriental, os nossos problemas, sejam eles de ordem f\u00edsica ou emocional, est\u00e3o relacionados com um desequil\u00edbrio na rede energ\u00e9tica do nosso corpo, onde flui a energia da vida. Atrav\u00e9s deste sistema de linhas energeticas (os meridianos) o Shiatsu permite equilibrar o fluxo energ\u00e9tico, a medida que este flui para os org\u00e3os, gl\u00e2ndulas, m\u00fasculus, nervos e sangue. Do ponto da vista ocidental, o Shiatsu actua directamente no sistema nervoso aut\u00f3nomo atrav\u00e9s da ac\u00e7\u00e3o relaxante do toque e da press\u00e3o.<\/p>\n<p><b><i>O<\/i><\/b><i> m\u00e9todo consiste na aplica\u00e7\u00e3o de press\u00e3o<span class=\"Apple-converted-space\">\u00a0 <\/span>sobre o corpo utilizando os polegares, dedos, palmas, cotovelos e joelhos, de forma profunda, suave<span class=\"Apple-converted-space\">\u00a0 <\/span>e com compaix\u00e3o, e em alongamentos e rota\u00e7\u00f5es das articula\u00e7\u00f5es. O resultado \u00e9 a regenera\u00e7\u00e3o<span class=\"Apple-converted-space\">\u00a0 <\/span>do corpo e o seu bem-estar. A palavra \u201eShiatsu\u201c significa press\u00e3o (atsu) com os dedos (shi).<\/i><\/p>\n<p><b>O<\/b> <b>tratamento \u00e9 para todas as idades e pode ser eficaz com problemas variadas como<\/b><\/p>\n<p>stress<span class=\"Apple-converted-space\">\u00a0<\/span><\/p>\n<p>dores nas costas<\/p>\n<p>problemas nos ombros<\/p>\n<p>artrite<\/p>\n<p>ansiedade<span class=\"Apple-converted-space\">\u00a0<\/span><\/p>\n<p>dores de cabe\u00e7a<span class=\"Apple-converted-space\">\u00a0<\/span><\/p>\n<\/div>\n<div><\/div>\n<div><\/div>\n<div><\/div>\n<div><\/div>\n<div>\n<hr \/>\n<\/div>\n<div><\/div>\n<div><\/div>\n<div><\/div>\n<div><\/div>\n<div><\/div>\n<div><\/div>\n<div><\/div>\n<div class=\"\"><span class=\"\"><img decoding=\"async\" loading=\"lazy\" class=\"aligncenter wp-image-344 \" src=\"http:\/\/quintadopombal.net\/wp-content\/uploads\/2018\/05\/IMG_1172-266x300.jpg\" alt=\"\" width=\"426\" height=\"480\" srcset=\"http:\/\/quintadopombal.net\/wp-content\/uploads\/2018\/05\/IMG_1172-266x300.jpg 266w, http:\/\/quintadopombal.net\/wp-content\/uploads\/2018\/05\/IMG_1172-768x865.jpg 768w, http:\/\/quintadopombal.net\/wp-content\/uploads\/2018\/05\/IMG_1172-909x1024.jpg 909w, http:\/\/quintadopombal.net\/wp-content\/uploads\/2018\/05\/IMG_1172-830x935.jpg 830w, http:\/\/quintadopombal.net\/wp-content\/uploads\/2018\/05\/IMG_1172-230x259.jpg 230w, http:\/\/quintadopombal.net\/wp-content\/uploads\/2018\/05\/IMG_1172-350x394.jpg 350w, http:\/\/quintadopombal.net\/wp-content\/uploads\/2018\/05\/IMG_1172-480x541.jpg 480w\" sizes=\"(max-width: 426px) 100vw, 426px\" \/><\/span><\/div>\n<div class=\"\"><\/div>\n<div><\/div>\n<div class=\"\"><\/div>\n<div class=\"\"><\/div>\n","protected":false},"excerpt":{"rendered":"<p>Shiatsu is a traditional Japanese bodywork and massage therapy that uses gentle hand and finger pressure along the body\u2019s energy pathways called meridians, stretches and joint rotation.\u00a0 It supports and strengthens the body\u2019s natural ability to heal and balance itself. Shiatsu works on the whole person &#8211; not just with the physical body, but also [&hellip;]<\/p>\n","protected":false},"author":1,"featured_media":0,"parent":0,"menu_order":0,"comment_status":"closed","ping_status":"closed","template":"","meta":[],"_links":{"self":[{"href":"http:\/\/quintadopombal.net\/index.php?rest_route=\/wp\/v2\/pages\/266"}],"collection":[{"href":"http:\/\/quintadopombal.net\/index.php?rest_route=\/wp\/v2\/pages"}],"about":[{"href":"http:\/\/quintadopombal.net\/index.php?rest_route=\/wp\/v2\/types\/page"}],"author":[{"embeddable":true,"href":"http:\/\/quintadopombal.net\/index.php?rest_route=\/wp\/v2\/users\/1"}],"replies":[{"embeddable":true,"href":"http:\/\/quintadopombal.net\/index.php?rest_route=%2Fwp%2Fv2%2Fcomments&post=266"}],"version-history":[{"count":9,"href":"http:\/\/quintadopombal.net\/index.php?rest_route=\/wp\/v2\/pages\/266\/revisions"}],"predecessor-version":[{"id":915,"href":"http:\/\/quintadopombal.net\/index.php?rest_route=\/wp\/v2\/pages\/266\/revisions\/915"}],"wp:attachment":[{"href":"http:\/\/quintadopombal.net\/index.php?rest_route=%2Fwp%2Fv2%2Fmedia&parent=266"}],"curies":[{"name":"wp","href":"https:\/\/api.w.org\/{rel}","templated":true}]}}